{"id":385,"date":"2026-01-28T19:41:04","date_gmt":"2026-01-28T18:41:04","guid":{"rendered":"https:\/\/dekodom.com.pl\/?page_id=385"},"modified":"2026-01-28T19:54:45","modified_gmt":"2026-01-28T18:54:45","slug":"regulamin","status":"publish","type":"page","link":"https:\/\/dekodom.com.pl\/index.php\/regulamin\/","title":{"rendered":"Regulamin"},"content":{"rendered":"\t\t<div data-elementor-type=\"wp-page\" data-elementor-id=\"385\" class=\"elementor elementor-385\">\n\t\t\t\t<div class=\"elementor-element elementor-element-d69f364 e-flex e-con-boxed e-con e-parent\" data-id=\"d69f364\" data-element_type=\"container\">\n\t\t\t\t\t<div class=\"e-con-inner\">\n\t\t\t\t<div class=\"elementor-element elementor-element-18fa4e9 elementor-widget elementor-widget-text-editor\" data-id=\"18fa4e9\" data-element_type=\"widget\" data-widget_type=\"text-editor.default\">\n\t\t\t\t\t\t\t\t\t<h2 data-start=\"235\" data-end=\"270\">1. REGULAMIN STRONY INTERNETOWEJ<\/h2><p data-start=\"272\" data-end=\"301\"><strong data-start=\"272\" data-end=\"299\">\u00a71 Postanowienia og\u00f3lne<\/strong><\/p><ol data-start=\"302\" data-end=\"640\"><li data-start=\"302\" data-end=\"419\"><p data-start=\"305\" data-end=\"419\">Niniejszy regulamin okre\u015bla zasady korzystania ze strony internetowej dost\u0119pnej pod adresem: Dekodom.com.pl.<\/p><\/li><li data-start=\"420\" data-end=\"555\"><p data-start=\"423\" data-end=\"555\">W\u0142a\u015bcicielem strony jest:<br data-start=\"448\" data-end=\"451\" \/><strong data-start=\"454\" data-end=\"489\">Dekodom &#8211; Wiktoria Topolska<\/strong><br data-start=\"490\" data-end=\"493\" \/><b>z\u0142ota 18 44-270 Rybnik<\/b>,<br data-start=\"517\" data-end=\"520\" \/><br \/><\/p><\/li><li data-start=\"556\" data-end=\"640\"><p data-start=\"559\" data-end=\"640\">Kontakt z administratorem strony mo\u017cliwy jest poprzez e-mail: kontakt@dekodom.com.pl<\/p><\/li><\/ol><p data-start=\"642\" data-end=\"679\"><strong data-start=\"642\" data-end=\"677\">\u00a72 Zasady korzystania ze strony<\/strong><\/p><ol data-start=\"680\" data-end=\"891\"><li data-start=\"680\" data-end=\"735\"><p data-start=\"683\" data-end=\"735\">Korzystanie ze strony jest bezp\u0142atne i dobrowolne.<\/p><\/li><li data-start=\"736\" data-end=\"842\"><p data-start=\"739\" data-end=\"842\">U\u017cytkownik zobowi\u0105zuje si\u0119 do korzystania ze strony w spos\u00f3b zgodny z prawem oraz dobrymi obyczajami.<\/p><\/li><li data-start=\"843\" data-end=\"891\"><p data-start=\"846\" data-end=\"891\">Zabrania si\u0119 dostarczania tre\u015bci bezprawnych.<\/p><\/li><\/ol><p data-start=\"893\" data-end=\"918\"><strong data-start=\"893\" data-end=\"916\">\u00a73 Odpowiedzialno\u015b\u0107<\/strong><\/p><ol data-start=\"919\" data-end=\"1136\"><li data-start=\"919\" data-end=\"1059\"><p data-start=\"922\" data-end=\"1059\">Administrator dok\u0142ada stara\u0144, aby tre\u015bci na stronie by\u0142y aktualne, jednak nie ponosi odpowiedzialno\u015bci za ich ewentualn\u0105 nieaktualno\u015b\u0107.<\/p><\/li><li data-start=\"1060\" data-end=\"1136\"><p data-start=\"1063\" data-end=\"1136\">Administrator nie ponosi odpowiedzialno\u015bci za przerwy w dzia\u0142aniu strony.<\/p><\/li><\/ol><p data-start=\"1138\" data-end=\"1162\"><strong data-start=\"1138\" data-end=\"1160\">\u00a74 Prawa autorskie<\/strong><\/p><ol data-start=\"1163\" data-end=\"1320\"><li data-start=\"1163\" data-end=\"1235\"><p data-start=\"1166\" data-end=\"1235\">Wszelkie tre\u015bci zamieszczone na stronie podlegaj\u0105 ochronie prawnej.<\/p><\/li><li data-start=\"1236\" data-end=\"1320\"><p data-start=\"1239\" data-end=\"1320\">Kopiowanie lub rozpowszechnianie tre\u015bci bez zgody administratora jest zabronione.<\/p><\/li><\/ol><p data-start=\"1322\" data-end=\"1352\"><strong data-start=\"1322\" data-end=\"1350\">\u00a75 Postanowienia ko\u0144cowe<\/strong><\/p><ol data-start=\"1353\" data-end=\"1459\"><li data-start=\"1353\" data-end=\"1415\"><p data-start=\"1356\" data-end=\"1415\">Administrator zastrzega sobie prawo do zmiany regulaminu.<\/p><\/li><li data-start=\"1416\" data-end=\"1459\"><p data-start=\"1419\" data-end=\"1459\">Regulamin obowi\u0105zuje od dnia 28,01.2026.<\/p><\/li><\/ol>\t\t\t\t\t\t\t\t<\/div>\n\t\t\t\t\t<\/div>\n\t\t\t\t<\/div>\n\t\t\t\t<\/div>\n\t\t","protected":false},"excerpt":{"rendered":"<p>1. REGULAMIN STRONY INTERNETOWEJ \u00a71 Postanowienia og\u00f3lne Niniejszy regulamin okre\u015bla zasady korzystania ze strony internetowej dost\u0119pnej pod adresem: Dekodom.com.pl. W\u0142a\u015bcicielem strony jest:Dekodom &#8211; Wiktoria Topolskaz\u0142ota 18 44-270 Rybnik, Kontakt z administratorem strony mo\u017cliwy jest poprzez e-mail: kontakt@dekodom.com.pl \u00a72 Zasady korzystania ze strony Korzystanie ze strony jest bezp\u0142atne i dobrowolne. U\u017cytkownik zobowi\u0105zuje si\u0119 do korzystania ze [&hellip;]<\/p>\n","protected":false},"author":1,"featured_media":0,"parent":0,"menu_order":0,"comment_status":"closed","ping_status":"closed","template":"","meta":{"ocean_post_layout":"","ocean_both_sidebars_style":"","ocean_both_sidebars_content_width":0,"ocean_both_sidebars_sidebars_width":0,"ocean_sidebar":"","ocean_second_sidebar":"","ocean_disable_margins":"enable","ocean_add_body_class":"","ocean_shortcode_before_top_bar":"","ocean_shortcode_after_top_bar":"","ocean_shortcode_before_header":"","ocean_shortcode_after_header":"","ocean_has_shortcode":"","ocean_shortcode_after_title":"","ocean_shortcode_before_footer_widgets":"","ocean_shortcode_after_footer_widgets":"","ocean_shortcode_before_footer_bottom":"","ocean_shortcode_after_footer_bottom":"","ocean_display_top_bar":"default","ocean_display_header":"default","ocean_header_style":"","ocean_center_header_left_menu":"","ocean_custom_header_template":"","ocean_custom_logo":0,"ocean_custom_retina_logo":0,"ocean_custom_logo_max_width":0,"ocean_custom_logo_tablet_max_width":0,"ocean_custom_logo_mobile_max_width":0,"ocean_custom_logo_max_height":0,"ocean_custom_logo_tablet_max_height":0,"ocean_custom_logo_mobile_max_height":0,"ocean_header_custom_menu":"","ocean_menu_typo_font_family":"","ocean_menu_typo_font_subset":"","ocean_menu_typo_font_size":0,"ocean_menu_typo_font_size_tablet":0,"ocean_menu_typo_font_size_mobile":0,"ocean_menu_typo_font_size_unit":"px","ocean_menu_typo_font_weight":"","ocean_menu_typo_font_weight_tablet":"","ocean_menu_typo_font_weight_mobile":"","ocean_menu_typo_transform":"","ocean_menu_typo_transform_tablet":"","ocean_menu_typo_transform_mobile":"","ocean_menu_typo_line_height":0,"ocean_menu_typo_line_height_tablet":0,"ocean_menu_typo_line_height_mobile":0,"ocean_menu_typo_line_height_unit":"","ocean_menu_typo_spacing":0,"ocean_menu_typo_spacing_tablet":0,"ocean_menu_typo_spacing_mobile":0,"ocean_menu_typo_spacing_unit":"","ocean_menu_link_color":"","ocean_menu_link_color_hover":"","ocean_menu_link_color_active":"","ocean_menu_link_background":"","ocean_menu_link_hover_background":"","ocean_menu_link_active_background":"","ocean_menu_social_links_bg":"","ocean_menu_social_hover_links_bg":"","ocean_menu_social_links_color":"","ocean_menu_social_hover_links_color":"","ocean_disable_title":"default","ocean_disable_heading":"default","ocean_post_title":"","ocean_post_subheading":"","ocean_post_title_style":"","ocean_post_title_background_color":"","ocean_post_title_background":0,"ocean_post_title_bg_image_position":"","ocean_post_title_bg_image_attachment":"","ocean_post_title_bg_image_repeat":"","ocean_post_title_bg_image_size":"","ocean_post_title_height":0,"ocean_post_title_bg_overlay":0.5,"ocean_post_title_bg_overlay_color":"","ocean_disable_breadcrumbs":"default","ocean_breadcrumbs_color":"","ocean_breadcrumbs_separator_color":"","ocean_breadcrumbs_links_color":"","ocean_breadcrumbs_links_hover_color":"","ocean_display_footer_widgets":"default","ocean_display_footer_bottom":"default","ocean_custom_footer_template":"","footnotes":""},"class_list":["post-385","page","type-page","status-publish","hentry","entry","owp-thumbs-layout-horizontal","owp-btn-normal","owp-tabs-layout-horizontal","has-no-thumbnails","has-product-nav"],"jetpack_sharing_enabled":true,"_links":{"self":[{"href":"https:\/\/dekodom.com.pl\/index.php\/wp-json\/wp\/v2\/pages\/385","targetHints":{"allow":["GET"]}}],"collection":[{"href":"https:\/\/dekodom.com.pl\/index.php\/wp-json\/wp\/v2\/pages"}],"about":[{"href":"https:\/\/dekodom.com.pl\/index.php\/wp-json\/wp\/v2\/types\/page"}],"author":[{"embeddable":true,"href":"https:\/\/dekodom.com.pl\/index.php\/wp-json\/wp\/v2\/users\/1"}],"replies":[{"embeddable":true,"href":"https:\/\/dekodom.com.pl\/index.php\/wp-json\/wp\/v2\/comments?post=385"}],"version-history":[{"count":4,"href":"https:\/\/dekodom.com.pl\/index.php\/wp-json\/wp\/v2\/pages\/385\/revisions"}],"predecessor-version":[{"id":397,"href":"https:\/\/dekodom.com.pl\/index.php\/wp-json\/wp\/v2\/pages\/385\/revisions\/397"}],"wp:attachment":[{"href":"https:\/\/dekodom.com.pl\/index.php\/wp-json\/wp\/v2\/media?parent=385"}],"curies":[{"name":"wp","href":"https:\/\/api.w.org\/{rel}","templated":true}]}}