{"id":160,"date":"2026-01-20T22:40:30","date_gmt":"2026-01-20T21:40:30","guid":{"rendered":"https:\/\/dekodom.com.pl\/?post_type=product&#038;p=160"},"modified":"2026-01-26T22:11:59","modified_gmt":"2026-01-26T21:11:59","slug":"stojak-na-przyprawy-z-20-sloikami","status":"publish","type":"product","link":"https:\/\/dekodom.com.pl\/index.php\/produkt\/stojak-na-przyprawy-z-20-sloikami\/","title":{"rendered":"Stojak na Przyprawy z 20 S\u0142oikami"},"content":{"rendered":"<div class=\"NhsUfVvY\">\n<div class=\"_1Zf27vaY\">\n<div class=\"_2rn4tqXP\"><span class=\"_25g_jM0z\" aria-label=\"Stojak na Przyprawy z 20 S\u0142oikami na Przyprawy, Obrotowy 360 Stopni, Pude\u0142ko do Przechowywania Przypraw, + NAKLEJKI Z PRZYPRAWAMI W J\u0118ZYKU POLSKIM\">Stojak na Przyprawy z 20 S\u0142oikami na Przyprawy, Obrotowy 360 Stopni, Pude\u0142ko do Przechowywania Przypraw, + NAKLEJKI Z PRZYPRAWAMI W J\u0118ZYKU POLSKIM<\/span><\/div>\n<\/div>\n<div class=\"_2vJ1AyTW\">\n<div class=\"_3y7Bvy8K _35dFhe_o _3DLJwTaq\" tabindex=\"0\" role=\"button\" aria-label=\"udost\u0119pnij\"><\/div>\n<\/div>\n<\/div>\n<div>\n<div class=\"n91-8QH3\">\n<div class=\"_1gWFXtkM\">\n<div class=\"_1fOAQiEo\">\n<p><img fetchpriority=\"high\" decoding=\"async\" class=\"alignnone size-medium wp-image-161\" src=\"http:\/\/dekodom.com.pl\/wp-content\/uploads\/2026\/01\/stojak-300x300.avif\" alt=\"\" width=\"300\" height=\"300\" srcset=\"https:\/\/dekodom.com.pl\/wp-content\/uploads\/2026\/01\/stojak-300x300.avif 300w, https:\/\/dekodom.com.pl\/wp-content\/uploads\/2026\/01\/stojak-1024x1024.avif 1024w, https:\/\/dekodom.com.pl\/wp-content\/uploads\/2026\/01\/stojak-150x150.avif 150w, https:\/\/dekodom.com.pl\/wp-content\/uploads\/2026\/01\/stojak-768x768.avif 768w, https:\/\/dekodom.com.pl\/wp-content\/uploads\/2026\/01\/stojak-600x600.avif 600w, https:\/\/dekodom.com.pl\/wp-content\/uploads\/2026\/01\/stojak-100x100.avif 100w, https:\/\/dekodom.com.pl\/wp-content\/uploads\/2026\/01\/stojak.avif 1300w\" sizes=\"(max-width: 300px) 100vw, 300px\" \/><\/p>\n<p><img decoding=\"async\" class=\"alignnone size-medium wp-image-162\" src=\"http:\/\/dekodom.com.pl\/wp-content\/uploads\/2026\/01\/stojak2-205x300.jpg\" alt=\"\" width=\"205\" height=\"300\" srcset=\"https:\/\/dekodom.com.pl\/wp-content\/uploads\/2026\/01\/stojak2-205x300.jpg 205w, https:\/\/dekodom.com.pl\/wp-content\/uploads\/2026\/01\/stojak2-600x880.jpg 600w, https:\/\/dekodom.com.pl\/wp-content\/uploads\/2026\/01\/stojak2.jpg 616w\" sizes=\"(max-width: 205px) 100vw, 205px\" \/><\/p>\n<\/div>\n<\/div>\n<\/div>\n<\/div>\n","protected":false},"excerpt":{"rendered":"<p><img decoding=\"async\" class=\"alignnone size-medium wp-image-141\" src=\"http:\/\/dekodom.com.pl\/wp-content\/uploads\/2026\/01\/Projekt-bez-nazwy-4-300x171.png\" alt=\"\" width=\"300\" height=\"171\" srcset=\"https:\/\/dekodom.com.pl\/wp-content\/uploads\/2026\/01\/Projekt-bez-nazwy-4-300x171.png 300w, https:\/\/dekodom.com.pl\/wp-content\/uploads\/2026\/01\/Projekt-bez-nazwy-4-1024x585.png 1024w, https:\/\/dekodom.com.pl\/wp-content\/uploads\/2026\/01\/Projekt-bez-nazwy-4-768x439.png 768w, https:\/\/dekodom.com.pl\/wp-content\/uploads\/2026\/01\/Projekt-bez-nazwy-4-600x343.png 600w, https:\/\/dekodom.com.pl\/wp-content\/uploads\/2026\/01\/Projekt-bez-nazwy-4.png 1050w\" sizes=\"(max-width: 300px) 100vw, 300px\" \/><\/p>\n","protected":false},"featured_media":161,"comment_status":"open","ping_status":"closed","template":"","meta":{"ocean_post_layout":"","ocean_both_sidebars_style":"","ocean_both_sidebars_content_width":0,"ocean_both_sidebars_sidebars_width":0,"ocean_sidebar":"0","ocean_second_sidebar":"0","ocean_disable_margins":"enable","ocean_add_body_class":"","ocean_shortcode_before_top_bar":"","ocean_shortcode_after_top_bar":"","ocean_shortcode_before_header":"","ocean_shortcode_after_header":"","ocean_has_shortcode":"","ocean_shortcode_after_title":"","ocean_shortcode_before_footer_widgets":"","ocean_shortcode_after_footer_widgets":"","ocean_shortcode_before_footer_bottom":"","ocean_shortcode_after_footer_bottom":"","ocean_display_top_bar":"default","ocean_display_header":"default","ocean_header_style":"","ocean_center_header_left_menu":"0","ocean_custom_header_template":"0","ocean_custom_logo":0,"ocean_custom_retina_logo":0,"ocean_custom_logo_max_width":0,"ocean_custom_logo_tablet_max_width":0,"ocean_custom_logo_mobile_max_width":0,"ocean_custom_logo_max_height":0,"ocean_custom_logo_tablet_max_height":0,"ocean_custom_logo_mobile_max_height":0,"ocean_header_custom_menu":"0","ocean_menu_typo_font_family":"0","ocean_menu_typo_font_subset":"","ocean_menu_typo_font_size":0,"ocean_menu_typo_font_size_tablet":0,"ocean_menu_typo_font_size_mobile":0,"ocean_menu_typo_font_size_unit":"px","ocean_menu_typo_font_weight":"","ocean_menu_typo_font_weight_tablet":"","ocean_menu_typo_font_weight_mobile":"","ocean_menu_typo_transform":"","ocean_menu_typo_transform_tablet":"","ocean_menu_typo_transform_mobile":"","ocean_menu_typo_line_height":0,"ocean_menu_typo_line_height_tablet":0,"ocean_menu_typo_line_height_mobile":0,"ocean_menu_typo_line_height_unit":"","ocean_menu_typo_spacing":0,"ocean_menu_typo_spacing_tablet":0,"ocean_menu_typo_spacing_mobile":0,"ocean_menu_typo_spacing_unit":"","ocean_menu_link_color":"","ocean_menu_link_color_hover":"","ocean_menu_link_color_active":"","ocean_menu_link_background":"","ocean_menu_link_hover_background":"","ocean_menu_link_active_background":"","ocean_menu_social_links_bg":"","ocean_menu_social_hover_links_bg":"","ocean_menu_social_links_color":"","ocean_menu_social_hover_links_color":"","ocean_disable_title":"default","ocean_disable_heading":"default","ocean_post_title":"","ocean_post_subheading":"","ocean_post_title_style":"","ocean_post_title_background_color":"","ocean_post_title_background":0,"ocean_post_title_bg_image_position":"","ocean_post_title_bg_image_attachment":"","ocean_post_title_bg_image_repeat":"","ocean_post_title_bg_image_size":"","ocean_post_title_height":0,"ocean_post_title_bg_overlay":0.5,"ocean_post_title_bg_overlay_color":"","ocean_disable_breadcrumbs":"default","ocean_breadcrumbs_color":"","ocean_breadcrumbs_separator_color":"","ocean_breadcrumbs_links_color":"","ocean_breadcrumbs_links_hover_color":"","ocean_display_footer_widgets":"default","ocean_display_footer_bottom":"default","ocean_custom_footer_template":"0"},"product_brand":[],"product_cat":[46],"product_tag":[64,66,65,67],"class_list":{"0":"post-160","1":"product","2":"type-product","3":"status-publish","4":"has-post-thumbnail","6":"product_cat-kuchnia","7":"product_tag-organizer-na-przyprawy","8":"product_tag-przyprawnik","9":"product_tag-sloiki-do-przypraw","10":"product_tag-stojak-na-przyprawy","12":"entry","13":"has-media","15":"first","16":"instock","17":"shipping-taxable","18":"purchasable","19":"product-type-simple","20":"has-product-nav","21":"col","22":"span_1_of_1","23":"owp-content-center","24":"owp-thumbs-layout-horizontal","25":"owp-btn-normal","26":"owp-tabs-layout-horizontal","27":"has-no-thumbnails"},"jetpack_sharing_enabled":true,"_links":{"self":[{"href":"https:\/\/dekodom.com.pl\/index.php\/wp-json\/wp\/v2\/product\/160","targetHints":{"allow":["GET"]}}],"collection":[{"href":"https:\/\/dekodom.com.pl\/index.php\/wp-json\/wp\/v2\/product"}],"about":[{"href":"https:\/\/dekodom.com.pl\/index.php\/wp-json\/wp\/v2\/types\/product"}],"replies":[{"embeddable":true,"href":"https:\/\/dekodom.com.pl\/index.php\/wp-json\/wp\/v2\/comments?post=160"}],"wp:featuredmedia":[{"embeddable":true,"href":"https:\/\/dekodom.com.pl\/index.php\/wp-json\/wp\/v2\/media\/161"}],"wp:attachment":[{"href":"https:\/\/dekodom.com.pl\/index.php\/wp-json\/wp\/v2\/media?parent=160"}],"wp:term":[{"taxonomy":"product_brand","embeddable":true,"href":"https:\/\/dekodom.com.pl\/index.php\/wp-json\/wp\/v2\/product_brand?post=160"},{"taxonomy":"product_cat","embeddable":true,"href":"https:\/\/dekodom.com.pl\/index.php\/wp-json\/wp\/v2\/product_cat?post=160"},{"taxonomy":"product_tag","embeddable":true,"href":"https:\/\/dekodom.com.pl\/index.php\/wp-json\/wp\/v2\/product_tag?post=160"}],"curies":[{"name":"wp","href":"https:\/\/api.w.org\/{rel}","templated":true}]}}