{"id":211,"date":"2026-01-23T15:02:15","date_gmt":"2026-01-23T14:02:15","guid":{"rendered":"https:\/\/dekodom.com.pl\/?post_type=product&#038;p=211"},"modified":"2026-01-26T21:49:13","modified_gmt":"2026-01-26T20:49:13","slug":"dwupoziomowy-wysuwany-regal","status":"publish","type":"product","link":"https:\/\/dekodom.com.pl\/index.php\/produkt\/dwupoziomowy-wysuwany-regal\/","title":{"rendered":"dwupoziomowy wysuwany rega\u0142"},"content":{"rendered":"<p><strong>Nowy dwupoziomowy wysuwany rega\u0142 w kszta\u0142cie litery H do kuchni i \u0142azienki, dost\u0119pny w kolorze czarnym i bia\u0142ym, prosty nowoczesny design, stabilne przesuwanie, doskona\u0142y pomocnik w organizowaniu i przechowywaniu butelek i s\u0142oik\u00f3w<br \/>\n<img fetchpriority=\"high\" decoding=\"async\" class=\"alignnone size-medium wp-image-212\" src=\"http:\/\/dekodom.com.pl\/wp-content\/uploads\/2026\/01\/001aeeece0d145a0a8f1110dd956a55f-goods-\u2014-kopia-300x300.avif\" alt=\"\" width=\"300\" height=\"300\" srcset=\"https:\/\/dekodom.com.pl\/wp-content\/uploads\/2026\/01\/001aeeece0d145a0a8f1110dd956a55f-goods-\u2014-kopia-300x300.avif 300w, https:\/\/dekodom.com.pl\/wp-content\/uploads\/2026\/01\/001aeeece0d145a0a8f1110dd956a55f-goods-\u2014-kopia-150x150.avif 150w, https:\/\/dekodom.com.pl\/wp-content\/uploads\/2026\/01\/001aeeece0d145a0a8f1110dd956a55f-goods-\u2014-kopia-768x768.avif 768w, https:\/\/dekodom.com.pl\/wp-content\/uploads\/2026\/01\/001aeeece0d145a0a8f1110dd956a55f-goods-\u2014-kopia-600x600.avif 600w, https:\/\/dekodom.com.pl\/wp-content\/uploads\/2026\/01\/001aeeece0d145a0a8f1110dd956a55f-goods-\u2014-kopia-100x100.avif 100w, https:\/\/dekodom.com.pl\/wp-content\/uploads\/2026\/01\/001aeeece0d145a0a8f1110dd956a55f-goods-\u2014-kopia.avif 800w\" sizes=\"(max-width: 300px) 100vw, 300px\" \/> <img decoding=\"async\" class=\"alignnone size-medium wp-image-213\" src=\"http:\/\/dekodom.com.pl\/wp-content\/uploads\/2026\/01\/4fb2ea49c20f404a8547f85fad6acca7-goods-\u2014-kopia-300x300.avif\" alt=\"\" width=\"300\" height=\"300\" srcset=\"https:\/\/dekodom.com.pl\/wp-content\/uploads\/2026\/01\/4fb2ea49c20f404a8547f85fad6acca7-goods-\u2014-kopia-300x300.avif 300w, https:\/\/dekodom.com.pl\/wp-content\/uploads\/2026\/01\/4fb2ea49c20f404a8547f85fad6acca7-goods-\u2014-kopia-150x150.avif 150w, https:\/\/dekodom.com.pl\/wp-content\/uploads\/2026\/01\/4fb2ea49c20f404a8547f85fad6acca7-goods-\u2014-kopia-768x768.avif 768w, https:\/\/dekodom.com.pl\/wp-content\/uploads\/2026\/01\/4fb2ea49c20f404a8547f85fad6acca7-goods-\u2014-kopia-600x600.avif 600w, https:\/\/dekodom.com.pl\/wp-content\/uploads\/2026\/01\/4fb2ea49c20f404a8547f85fad6acca7-goods-\u2014-kopia-100x100.avif 100w, https:\/\/dekodom.com.pl\/wp-content\/uploads\/2026\/01\/4fb2ea49c20f404a8547f85fad6acca7-goods-\u2014-kopia.avif 800w\" sizes=\"(max-width: 300px) 100vw, 300px\" \/> <img decoding=\"async\" class=\"alignnone size-medium wp-image-214\" src=\"http:\/\/dekodom.com.pl\/wp-content\/uploads\/2026\/01\/a7f1f8d1b5694033bc7eb6bbc1e2c573-goods-300x300.avif\" alt=\"\" width=\"300\" height=\"300\" srcset=\"https:\/\/dekodom.com.pl\/wp-content\/uploads\/2026\/01\/a7f1f8d1b5694033bc7eb6bbc1e2c573-goods-300x300.avif 300w, https:\/\/dekodom.com.pl\/wp-content\/uploads\/2026\/01\/a7f1f8d1b5694033bc7eb6bbc1e2c573-goods-150x150.avif 150w, https:\/\/dekodom.com.pl\/wp-content\/uploads\/2026\/01\/a7f1f8d1b5694033bc7eb6bbc1e2c573-goods-768x768.avif 768w, https:\/\/dekodom.com.pl\/wp-content\/uploads\/2026\/01\/a7f1f8d1b5694033bc7eb6bbc1e2c573-goods-600x600.avif 600w, https:\/\/dekodom.com.pl\/wp-content\/uploads\/2026\/01\/a7f1f8d1b5694033bc7eb6bbc1e2c573-goods-100x100.avif 100w, https:\/\/dekodom.com.pl\/wp-content\/uploads\/2026\/01\/a7f1f8d1b5694033bc7eb6bbc1e2c573-goods.avif 800w\" sizes=\"(max-width: 300px) 100vw, 300px\" \/> <img loading=\"lazy\" decoding=\"async\" class=\"alignnone size-medium wp-image-215\" src=\"http:\/\/dekodom.com.pl\/wp-content\/uploads\/2026\/01\/dffb68ec63864d86aa5a274dd723bfa7-goods-300x300.avif\" alt=\"\" width=\"300\" height=\"300\" srcset=\"https:\/\/dekodom.com.pl\/wp-content\/uploads\/2026\/01\/dffb68ec63864d86aa5a274dd723bfa7-goods-300x300.avif 300w, https:\/\/dekodom.com.pl\/wp-content\/uploads\/2026\/01\/dffb68ec63864d86aa5a274dd723bfa7-goods-150x150.avif 150w, https:\/\/dekodom.com.pl\/wp-content\/uploads\/2026\/01\/dffb68ec63864d86aa5a274dd723bfa7-goods-768x768.avif 768w, https:\/\/dekodom.com.pl\/wp-content\/uploads\/2026\/01\/dffb68ec63864d86aa5a274dd723bfa7-goods-600x600.avif 600w, https:\/\/dekodom.com.pl\/wp-content\/uploads\/2026\/01\/dffb68ec63864d86aa5a274dd723bfa7-goods-100x100.avif 100w, https:\/\/dekodom.com.pl\/wp-content\/uploads\/2026\/01\/dffb68ec63864d86aa5a274dd723bfa7-goods.avif 800w\" sizes=\"(max-width: 300px) 100vw, 300px\" \/> <img loading=\"lazy\" decoding=\"async\" class=\"alignnone size-medium wp-image-216\" src=\"http:\/\/dekodom.com.pl\/wp-content\/uploads\/2026\/01\/wysuwany-regal-\u2014-kopia-300x300.avif\" alt=\"\" width=\"300\" height=\"300\" srcset=\"https:\/\/dekodom.com.pl\/wp-content\/uploads\/2026\/01\/wysuwany-regal-\u2014-kopia-300x300.avif 300w, https:\/\/dekodom.com.pl\/wp-content\/uploads\/2026\/01\/wysuwany-regal-\u2014-kopia-150x150.avif 150w, https:\/\/dekodom.com.pl\/wp-content\/uploads\/2026\/01\/wysuwany-regal-\u2014-kopia-768x768.avif 768w, https:\/\/dekodom.com.pl\/wp-content\/uploads\/2026\/01\/wysuwany-regal-\u2014-kopia-600x600.avif 600w, https:\/\/dekodom.com.pl\/wp-content\/uploads\/2026\/01\/wysuwany-regal-\u2014-kopia-100x100.avif 100w, https:\/\/dekodom.com.pl\/wp-content\/uploads\/2026\/01\/wysuwany-regal-\u2014-kopia.avif 800w\" sizes=\"(max-width: 300px) 100vw, 300px\" \/><\/strong><\/p>\n","protected":false},"excerpt":{"rendered":"<p><img loading=\"lazy\" decoding=\"async\" class=\"alignnone size-medium wp-image-141\" src=\"http:\/\/dekodom.com.pl\/wp-content\/uploads\/2026\/01\/Projekt-bez-nazwy-4-300x171.png\" alt=\"\" width=\"300\" height=\"171\" srcset=\"https:\/\/dekodom.com.pl\/wp-content\/uploads\/2026\/01\/Projekt-bez-nazwy-4-300x171.png 300w, https:\/\/dekodom.com.pl\/wp-content\/uploads\/2026\/01\/Projekt-bez-nazwy-4-1024x585.png 1024w, https:\/\/dekodom.com.pl\/wp-content\/uploads\/2026\/01\/Projekt-bez-nazwy-4-768x439.png 768w, https:\/\/dekodom.com.pl\/wp-content\/uploads\/2026\/01\/Projekt-bez-nazwy-4-600x343.png 600w, https:\/\/dekodom.com.pl\/wp-content\/uploads\/2026\/01\/Projekt-bez-nazwy-4.png 1050w\" sizes=\"(max-width: 300px) 100vw, 300px\" \/><\/p>\n","protected":false},"featured_media":216,"comment_status":"open","ping_status":"closed","template":"","meta":{"ocean_post_layout":"","ocean_both_sidebars_style":"","ocean_both_sidebars_content_width":0,"ocean_both_sidebars_sidebars_width":0,"ocean_sidebar":"0","ocean_second_sidebar":"0","ocean_disable_margins":"enable","ocean_add_body_class":"","ocean_shortcode_before_top_bar":"","ocean_shortcode_after_top_bar":"","ocean_shortcode_before_header":"","ocean_shortcode_after_header":"","ocean_has_shortcode":"","ocean_shortcode_after_title":"","ocean_shortcode_before_footer_widgets":"","ocean_shortcode_after_footer_widgets":"","ocean_shortcode_before_footer_bottom":"","ocean_shortcode_after_footer_bottom":"","ocean_display_top_bar":"default","ocean_display_header":"default","ocean_header_style":"","ocean_center_header_left_menu":"0","ocean_custom_header_template":"0","ocean_custom_logo":0,"ocean_custom_retina_logo":0,"ocean_custom_logo_max_width":0,"ocean_custom_logo_tablet_max_width":0,"ocean_custom_logo_mobile_max_width":0,"ocean_custom_logo_max_height":0,"ocean_custom_logo_tablet_max_height":0,"ocean_custom_logo_mobile_max_height":0,"ocean_header_custom_menu":"0","ocean_menu_typo_font_family":"0","ocean_menu_typo_font_subset":"","ocean_menu_typo_font_size":0,"ocean_menu_typo_font_size_tablet":0,"ocean_menu_typo_font_size_mobile":0,"ocean_menu_typo_font_size_unit":"px","ocean_menu_typo_font_weight":"","ocean_menu_typo_font_weight_tablet":"","ocean_menu_typo_font_weight_mobile":"","ocean_menu_typo_transform":"","ocean_menu_typo_transform_tablet":"","ocean_menu_typo_transform_mobile":"","ocean_menu_typo_line_height":0,"ocean_menu_typo_line_height_tablet":0,"ocean_menu_typo_line_height_mobile":0,"ocean_menu_typo_line_height_unit":"","ocean_menu_typo_spacing":0,"ocean_menu_typo_spacing_tablet":0,"ocean_menu_typo_spacing_mobile":0,"ocean_menu_typo_spacing_unit":"","ocean_menu_link_color":"","ocean_menu_link_color_hover":"","ocean_menu_link_color_active":"","ocean_menu_link_background":"","ocean_menu_link_hover_background":"","ocean_menu_link_active_background":"","ocean_menu_social_links_bg":"","ocean_menu_social_hover_links_bg":"","ocean_menu_social_links_color":"","ocean_menu_social_hover_links_color":"","ocean_disable_title":"default","ocean_disable_heading":"default","ocean_post_title":"","ocean_post_subheading":"","ocean_post_title_style":"","ocean_post_title_background_color":"","ocean_post_title_background":0,"ocean_post_title_bg_image_position":"","ocean_post_title_bg_image_attachment":"","ocean_post_title_bg_image_repeat":"","ocean_post_title_bg_image_size":"","ocean_post_title_height":0,"ocean_post_title_bg_overlay":0.5,"ocean_post_title_bg_overlay_color":"","ocean_disable_breadcrumbs":"default","ocean_breadcrumbs_color":"","ocean_breadcrumbs_separator_color":"","ocean_breadcrumbs_links_color":"","ocean_breadcrumbs_links_hover_color":"","ocean_display_footer_widgets":"default","ocean_display_footer_bottom":"default","ocean_custom_footer_template":"0"},"product_brand":[],"product_cat":[46,48],"product_tag":[75,74,73],"class_list":{"0":"post-211","1":"product","2":"type-product","3":"status-publish","4":"has-post-thumbnail","6":"product_cat-kuchnia","7":"product_cat-lazienka","8":"product_tag-organizer-pod-zlew","9":"product_tag-regal-na-chemie","10":"product_tag-wysuwany-regal","12":"entry","13":"has-media","15":"first","16":"instock","17":"shipping-taxable","18":"purchasable","19":"product-type-simple","20":"has-product-nav","21":"col","22":"span_1_of_1","23":"owp-content-center","24":"owp-thumbs-layout-horizontal","25":"owp-btn-normal","26":"owp-tabs-layout-horizontal","27":"has-no-thumbnails"},"jetpack_sharing_enabled":true,"_links":{"self":[{"href":"https:\/\/dekodom.com.pl\/index.php\/wp-json\/wp\/v2\/product\/211","targetHints":{"allow":["GET"]}}],"collection":[{"href":"https:\/\/dekodom.com.pl\/index.php\/wp-json\/wp\/v2\/product"}],"about":[{"href":"https:\/\/dekodom.com.pl\/index.php\/wp-json\/wp\/v2\/types\/product"}],"replies":[{"embeddable":true,"href":"https:\/\/dekodom.com.pl\/index.php\/wp-json\/wp\/v2\/comments?post=211"}],"wp:featuredmedia":[{"embeddable":true,"href":"https:\/\/dekodom.com.pl\/index.php\/wp-json\/wp\/v2\/media\/216"}],"wp:attachment":[{"href":"https:\/\/dekodom.com.pl\/index.php\/wp-json\/wp\/v2\/media?parent=211"}],"wp:term":[{"taxonomy":"product_brand","embeddable":true,"href":"https:\/\/dekodom.com.pl\/index.php\/wp-json\/wp\/v2\/product_brand?post=211"},{"taxonomy":"product_cat","embeddable":true,"href":"https:\/\/dekodom.com.pl\/index.php\/wp-json\/wp\/v2\/product_cat?post=211"},{"taxonomy":"product_tag","embeddable":true,"href":"https:\/\/dekodom.com.pl\/index.php\/wp-json\/wp\/v2\/product_tag?post=211"}],"curies":[{"name":"wp","href":"https:\/\/api.w.org\/{rel}","templated":true}]}}