{"id":231,"date":"2026-01-23T21:11:53","date_gmt":"2026-01-23T20:11:53","guid":{"rendered":"https:\/\/dekodom.com.pl\/?post_type=product&#038;p=231"},"modified":"2026-01-26T22:10:02","modified_gmt":"2026-01-26T21:10:02","slug":"8-sztuk-pojemniki-hermetyczne","status":"publish","type":"product","link":"https:\/\/dekodom.com.pl\/index.php\/produkt\/8-sztuk-pojemniki-hermetyczne\/","title":{"rendered":"8 SZTUK POJEMNIKI HERMETYCZNE"},"content":{"rendered":"<p>8 SZTUK POJEMNIKI HERMETYCZNE<br \/>\nPlastikowe Pude\u0142ka z Pokrywk\u0105<br \/>\n4 Rozmiary (800-2800 ml)<br \/>\nNa Makaron, Kasze, S\u00f3l, Kaw\u0119, Ry\u017c, Zbo\u017ca i inne produkty sypkie<br \/>\n<img fetchpriority=\"high\" decoding=\"async\" class=\"alignnone size-medium wp-image-232\" src=\"http:\/\/dekodom.com.pl\/wp-content\/uploads\/2026\/01\/07ef69e8-2f86-4076-a64b-7e7791c50059_800x800.jpeg.format-300x300.avif\" alt=\"\" width=\"300\" height=\"300\" srcset=\"https:\/\/dekodom.com.pl\/wp-content\/uploads\/2026\/01\/07ef69e8-2f86-4076-a64b-7e7791c50059_800x800.jpeg.format-300x300.avif 300w, https:\/\/dekodom.com.pl\/wp-content\/uploads\/2026\/01\/07ef69e8-2f86-4076-a64b-7e7791c50059_800x800.jpeg.format-150x150.avif 150w, https:\/\/dekodom.com.pl\/wp-content\/uploads\/2026\/01\/07ef69e8-2f86-4076-a64b-7e7791c50059_800x800.jpeg.format-768x768.avif 768w, https:\/\/dekodom.com.pl\/wp-content\/uploads\/2026\/01\/07ef69e8-2f86-4076-a64b-7e7791c50059_800x800.jpeg.format-600x600.avif 600w, https:\/\/dekodom.com.pl\/wp-content\/uploads\/2026\/01\/07ef69e8-2f86-4076-a64b-7e7791c50059_800x800.jpeg.format-100x100.avif 100w, https:\/\/dekodom.com.pl\/wp-content\/uploads\/2026\/01\/07ef69e8-2f86-4076-a64b-7e7791c50059_800x800.jpeg.format.avif 800w\" sizes=\"(max-width: 300px) 100vw, 300px\" \/> <img decoding=\"async\" class=\"alignnone size-medium wp-image-233\" src=\"http:\/\/dekodom.com.pl\/wp-content\/uploads\/2026\/01\/bcffdb44-36dd-442d-bc5f-f09a2e13b381_2560x2560.jpeg.format-300x300.avif\" alt=\"\" width=\"300\" height=\"300\" srcset=\"https:\/\/dekodom.com.pl\/wp-content\/uploads\/2026\/01\/bcffdb44-36dd-442d-bc5f-f09a2e13b381_2560x2560.jpeg.format-300x300.avif 300w, https:\/\/dekodom.com.pl\/wp-content\/uploads\/2026\/01\/bcffdb44-36dd-442d-bc5f-f09a2e13b381_2560x2560.jpeg.format-150x150.avif 150w, https:\/\/dekodom.com.pl\/wp-content\/uploads\/2026\/01\/bcffdb44-36dd-442d-bc5f-f09a2e13b381_2560x2560.jpeg.format-768x768.avif 768w, https:\/\/dekodom.com.pl\/wp-content\/uploads\/2026\/01\/bcffdb44-36dd-442d-bc5f-f09a2e13b381_2560x2560.jpeg.format-600x600.avif 600w, https:\/\/dekodom.com.pl\/wp-content\/uploads\/2026\/01\/bcffdb44-36dd-442d-bc5f-f09a2e13b381_2560x2560.jpeg.format-100x100.avif 100w, https:\/\/dekodom.com.pl\/wp-content\/uploads\/2026\/01\/bcffdb44-36dd-442d-bc5f-f09a2e13b381_2560x2560.jpeg.format.avif 800w\" sizes=\"(max-width: 300px) 100vw, 300px\" \/> <img decoding=\"async\" class=\"alignnone size-medium wp-image-234\" src=\"http:\/\/dekodom.com.pl\/wp-content\/uploads\/2026\/01\/fe3bcc15-09f8-4c73-acee-d855af8e4fd5_1080x1080.jpeg.format-300x300.avif\" alt=\"\" width=\"300\" height=\"300\" srcset=\"https:\/\/dekodom.com.pl\/wp-content\/uploads\/2026\/01\/fe3bcc15-09f8-4c73-acee-d855af8e4fd5_1080x1080.jpeg.format-300x300.avif 300w, https:\/\/dekodom.com.pl\/wp-content\/uploads\/2026\/01\/fe3bcc15-09f8-4c73-acee-d855af8e4fd5_1080x1080.jpeg.format-150x150.avif 150w, https:\/\/dekodom.com.pl\/wp-content\/uploads\/2026\/01\/fe3bcc15-09f8-4c73-acee-d855af8e4fd5_1080x1080.jpeg.format-768x768.avif 768w, https:\/\/dekodom.com.pl\/wp-content\/uploads\/2026\/01\/fe3bcc15-09f8-4c73-acee-d855af8e4fd5_1080x1080.jpeg.format-600x600.avif 600w, https:\/\/dekodom.com.pl\/wp-content\/uploads\/2026\/01\/fe3bcc15-09f8-4c73-acee-d855af8e4fd5_1080x1080.jpeg.format-100x100.avif 100w, https:\/\/dekodom.com.pl\/wp-content\/uploads\/2026\/01\/fe3bcc15-09f8-4c73-acee-d855af8e4fd5_1080x1080.jpeg.format.avif 800w\" sizes=\"(max-width: 300px) 100vw, 300px\" \/><\/p>\n","protected":false},"excerpt":{"rendered":"<p><img loading=\"lazy\" decoding=\"async\" class=\"alignnone size-medium wp-image-141\" src=\"http:\/\/dekodom.com.pl\/wp-content\/uploads\/2026\/01\/Projekt-bez-nazwy-4-300x171.png\" alt=\"\" width=\"300\" height=\"171\" srcset=\"https:\/\/dekodom.com.pl\/wp-content\/uploads\/2026\/01\/Projekt-bez-nazwy-4-300x171.png 300w, https:\/\/dekodom.com.pl\/wp-content\/uploads\/2026\/01\/Projekt-bez-nazwy-4-1024x585.png 1024w, https:\/\/dekodom.com.pl\/wp-content\/uploads\/2026\/01\/Projekt-bez-nazwy-4-768x439.png 768w, https:\/\/dekodom.com.pl\/wp-content\/uploads\/2026\/01\/Projekt-bez-nazwy-4-600x343.png 600w, https:\/\/dekodom.com.pl\/wp-content\/uploads\/2026\/01\/Projekt-bez-nazwy-4.png 1050w\" sizes=\"(max-width: 300px) 100vw, 300px\" \/><\/p>\n","protected":false},"featured_media":232,"comment_status":"open","ping_status":"closed","template":"","meta":{"ocean_post_layout":"","ocean_both_sidebars_style":"","ocean_both_sidebars_content_width":0,"ocean_both_sidebars_sidebars_width":0,"ocean_sidebar":"0","ocean_second_sidebar":"0","ocean_disable_margins":"enable","ocean_add_body_class":"","ocean_shortcode_before_top_bar":"","ocean_shortcode_after_top_bar":"","ocean_shortcode_before_header":"","ocean_shortcode_after_header":"","ocean_has_shortcode":"","ocean_shortcode_after_title":"","ocean_shortcode_before_footer_widgets":"","ocean_shortcode_after_footer_widgets":"","ocean_shortcode_before_footer_bottom":"","ocean_shortcode_after_footer_bottom":"","ocean_display_top_bar":"default","ocean_display_header":"default","ocean_header_style":"","ocean_center_header_left_menu":"0","ocean_custom_header_template":"0","ocean_custom_logo":0,"ocean_custom_retina_logo":0,"ocean_custom_logo_max_width":0,"ocean_custom_logo_tablet_max_width":0,"ocean_custom_logo_mobile_max_width":0,"ocean_custom_logo_max_height":0,"ocean_custom_logo_tablet_max_height":0,"ocean_custom_logo_mobile_max_height":0,"ocean_header_custom_menu":"0","ocean_menu_typo_font_family":"0","ocean_menu_typo_font_subset":"","ocean_menu_typo_font_size":0,"ocean_menu_typo_font_size_tablet":0,"ocean_menu_typo_font_size_mobile":0,"ocean_menu_typo_font_size_unit":"px","ocean_menu_typo_font_weight":"","ocean_menu_typo_font_weight_tablet":"","ocean_menu_typo_font_weight_mobile":"","ocean_menu_typo_transform":"","ocean_menu_typo_transform_tablet":"","ocean_menu_typo_transform_mobile":"","ocean_menu_typo_line_height":0,"ocean_menu_typo_line_height_tablet":0,"ocean_menu_typo_line_height_mobile":0,"ocean_menu_typo_line_height_unit":"","ocean_menu_typo_spacing":0,"ocean_menu_typo_spacing_tablet":0,"ocean_menu_typo_spacing_mobile":0,"ocean_menu_typo_spacing_unit":"","ocean_menu_link_color":"","ocean_menu_link_color_hover":"","ocean_menu_link_color_active":"","ocean_menu_link_background":"","ocean_menu_link_hover_background":"","ocean_menu_link_active_background":"","ocean_menu_social_links_bg":"","ocean_menu_social_hover_links_bg":"","ocean_menu_social_links_color":"","ocean_menu_social_hover_links_color":"","ocean_disable_title":"default","ocean_disable_heading":"default","ocean_post_title":"","ocean_post_subheading":"","ocean_post_title_style":"","ocean_post_title_background_color":"","ocean_post_title_background":0,"ocean_post_title_bg_image_position":"","ocean_post_title_bg_image_attachment":"","ocean_post_title_bg_image_repeat":"","ocean_post_title_bg_image_size":"","ocean_post_title_height":0,"ocean_post_title_bg_overlay":0.5,"ocean_post_title_bg_overlay_color":"","ocean_disable_breadcrumbs":"default","ocean_breadcrumbs_color":"","ocean_breadcrumbs_separator_color":"","ocean_breadcrumbs_links_color":"","ocean_breadcrumbs_links_hover_color":"","ocean_display_footer_widgets":"default","ocean_display_footer_bottom":"default","ocean_custom_footer_template":"0"},"product_brand":[],"product_cat":[46],"product_tag":[62,60,80,79,76],"class_list":{"0":"post-231","1":"product","2":"type-product","3":"status-publish","4":"has-post-thumbnail","6":"product_cat-kuchnia","7":"product_tag-organizacja-kuchni","8":"product_tag-organizer","9":"product_tag-pojemnik-n-makaron","10":"product_tag-pojemniki-na-produkty-sypkie","11":"product_tag-pojemniki-na-zywnosc","13":"entry","14":"has-media","16":"first","17":"instock","18":"shipping-taxable","19":"purchasable","20":"product-type-simple","21":"has-product-nav","22":"col","23":"span_1_of_1","24":"owp-content-center","25":"owp-thumbs-layout-horizontal","26":"owp-btn-normal","27":"owp-tabs-layout-horizontal","28":"has-no-thumbnails"},"jetpack_sharing_enabled":true,"_links":{"self":[{"href":"https:\/\/dekodom.com.pl\/index.php\/wp-json\/wp\/v2\/product\/231","targetHints":{"allow":["GET"]}}],"collection":[{"href":"https:\/\/dekodom.com.pl\/index.php\/wp-json\/wp\/v2\/product"}],"about":[{"href":"https:\/\/dekodom.com.pl\/index.php\/wp-json\/wp\/v2\/types\/product"}],"replies":[{"embeddable":true,"href":"https:\/\/dekodom.com.pl\/index.php\/wp-json\/wp\/v2\/comments?post=231"}],"wp:featuredmedia":[{"embeddable":true,"href":"https:\/\/dekodom.com.pl\/index.php\/wp-json\/wp\/v2\/media\/232"}],"wp:attachment":[{"href":"https:\/\/dekodom.com.pl\/index.php\/wp-json\/wp\/v2\/media?parent=231"}],"wp:term":[{"taxonomy":"product_brand","embeddable":true,"href":"https:\/\/dekodom.com.pl\/index.php\/wp-json\/wp\/v2\/product_brand?post=231"},{"taxonomy":"product_cat","embeddable":true,"href":"https:\/\/dekodom.com.pl\/index.php\/wp-json\/wp\/v2\/product_cat?post=231"},{"taxonomy":"product_tag","embeddable":true,"href":"https:\/\/dekodom.com.pl\/index.php\/wp-json\/wp\/v2\/product_tag?post=231"}],"curies":[{"name":"wp","href":"https:\/\/api.w.org\/{rel}","templated":true}]}}