{"id":240,"date":"2026-01-23T21:55:50","date_gmt":"2026-01-23T20:55:50","guid":{"rendered":"https:\/\/dekodom.com.pl\/?post_type=product&#038;p=240"},"modified":"2026-01-26T22:09:44","modified_gmt":"2026-01-26T21:09:44","slug":"zestaw-16-pudelek-do-przechowywania","status":"publish","type":"product","link":"https:\/\/dekodom.com.pl\/index.php\/produkt\/zestaw-16-pudelek-do-przechowywania\/","title":{"rendered":"Zestaw 16 Pude\u0142ek do Przechowywania"},"content":{"rendered":"<div class=\"flex flex-col text-sm pb-25\">\n<article class=\"text-token-text-primary w-full focus:outline-none [--shadow-height:45px] has-data-writing-block:pointer-events-none has-data-writing-block:-mt-(--shadow-height) has-data-writing-block:pt-(--shadow-height) [&amp;:has([data-writing-block])&gt;*]:pointer-events-auto scroll-mt-[calc(var(--header-height)+min(200px,max(70px,20svh)))]\" dir=\"auto\" tabindex=\"-1\" data-turn-id=\"request-WEB:66fa99f2-6285-4693-8b46-9ebd55b6fedd-7\" data-testid=\"conversation-turn-6\" data-scroll-anchor=\"true\" data-turn=\"assistant\">\n<div class=\"text-base my-auto mx-auto pb-10 [--thread-content-margin:--spacing(4)] @w-sm\/main:[--thread-content-margin:--spacing(6)] @w-lg\/main:[--thread-content-margin:--spacing(16)] px-(--thread-content-margin)\">\n<div class=\"[--thread-content-max-width:40rem] @w-lg\/main:[--thread-content-max-width:48rem] mx-auto max-w-(--thread-content-max-width) flex-1 group\/turn-messages focus-visible:outline-hidden relative flex w-full min-w-0 flex-col agent-turn\" tabindex=\"-1\">\n<div class=\"flex max-w-full flex-col grow\">\n<div class=\"min-h-8 text-message relative flex w-full flex-col items-end gap-2 text-start break-words whitespace-normal [.text-message+&amp;]:mt-1\" dir=\"auto\" data-message-author-role=\"assistant\" data-message-id=\"53df01c9-7dbb-47f3-b1f9-18bf0a2f08db\" data-message-model-slug=\"gpt-5-2\">\n<div class=\"flex w-full flex-col gap-1 empty:hidden first:pt-[1px]\">\n<div class=\"markdown prose dark:prose-invert w-full break-words light markdown-new-styling\">\n<h3 data-start=\"96\" data-end=\"155\">Zestaw 16 szczelnych pojemnik\u00f3w kuchennych z etykietami<\/h3>\n<p data-start=\"157\" data-end=\"400\">Praktyczny zestaw <strong data-start=\"175\" data-end=\"203\">16 zamykanych pojemnik\u00f3w<\/strong> do przechowywania suchych produkt\u00f3w spo\u017cywczych: zb\u00f3\u017c, m\u0105ki, makaronu, ry\u017cu i kasz. Szczelne pokrywki chroni\u0105 zawarto\u015b\u0107 przed wilgoci\u0105, a transparentne \u015bcianki u\u0142atwiaj\u0105 kontrol\u0119 ilo\u015bci produkt\u00f3w.<\/p>\n<p data-start=\"402\" data-end=\"490\"><strong data-start=\"402\" data-end=\"417\">W zestawie:<\/strong> 24 etykiety wielokrotnego u\u017cytku oraz d\u0142ugopis do opisywania pojemnik\u00f3w.<\/p>\n<p data-start=\"492\" data-end=\"516\"><strong data-start=\"492\" data-end=\"516\">Pojemno\u015bci i ilo\u015bci:<\/strong><\/p>\n<ul data-start=\"517\" data-end=\"569\">\n<li data-start=\"517\" data-end=\"533\">\n<p data-start=\"519\" data-end=\"533\">1,7 l \u2013 4 szt.<\/p>\n<\/li>\n<li data-start=\"534\" data-end=\"551\">\n<p data-start=\"536\" data-end=\"551\">1,25 l \u2013 8 szt.<\/p>\n<\/li>\n<li data-start=\"552\" data-end=\"569\">\n<p data-start=\"554\" data-end=\"569\">0,75 l \u2013 4 szt.<\/p>\n<\/li>\n<\/ul>\n<p data-start=\"571\" data-end=\"583\"><strong data-start=\"571\" data-end=\"583\">Wymiary:<\/strong><\/p>\n<ul data-start=\"584\" data-end=\"671\">\n<li data-start=\"584\" data-end=\"614\">\n<p data-start=\"586\" data-end=\"614\">1,7 l: 20,6 \u00d7 14,8 \u00d7 10 cm<\/p>\n<\/li>\n<li data-start=\"615\" data-end=\"644\">\n<p data-start=\"617\" data-end=\"644\">1,25 l: 15 \u00d7 14,8 \u00d7 10 cm<\/p>\n<\/li>\n<li data-start=\"645\" data-end=\"671\">\n<p data-start=\"647\" data-end=\"671\">0,75 l: 9 \u00d7 14,8 \u00d7 10 cm<\/p>\n<\/li>\n<\/ul>\n<p data-start=\"673\" data-end=\"714\" data-is-last-node=\"\" data-is-only-node=\"\">Idealne do organizacji kuchni i spi\u017carni.<\/p>\n<\/div>\n<\/div>\n<\/div>\n<\/div>\n<div class=\"z-0 flex min-h-[46px] justify-start\"><\/div>\n<div class=\"mt-3 w-full empty:hidden\">\n<div class=\"text-center\"><\/div>\n<\/div>\n<\/div>\n<\/div>\n<\/article>\n<\/div>\n<div class=\"pointer-events-none h-px w-px absolute bottom-0\" aria-hidden=\"true\" data-edge=\"true\"><img fetchpriority=\"high\" decoding=\"async\" class=\"alignnone size-medium wp-image-241\" src=\"http:\/\/dekodom.com.pl\/wp-content\/uploads\/2026\/01\/055f1d8a-b132-45c5-8cd6-17ef42e93b8f-1-300x300.avif\" alt=\"\" width=\"300\" height=\"300\" srcset=\"https:\/\/dekodom.com.pl\/wp-content\/uploads\/2026\/01\/055f1d8a-b132-45c5-8cd6-17ef42e93b8f-1-300x300.avif 300w, https:\/\/dekodom.com.pl\/wp-content\/uploads\/2026\/01\/055f1d8a-b132-45c5-8cd6-17ef42e93b8f-1-150x150.avif 150w, https:\/\/dekodom.com.pl\/wp-content\/uploads\/2026\/01\/055f1d8a-b132-45c5-8cd6-17ef42e93b8f-1-768x768.avif 768w, https:\/\/dekodom.com.pl\/wp-content\/uploads\/2026\/01\/055f1d8a-b132-45c5-8cd6-17ef42e93b8f-1-600x600.avif 600w, https:\/\/dekodom.com.pl\/wp-content\/uploads\/2026\/01\/055f1d8a-b132-45c5-8cd6-17ef42e93b8f-1-100x100.avif 100w, https:\/\/dekodom.com.pl\/wp-content\/uploads\/2026\/01\/055f1d8a-b132-45c5-8cd6-17ef42e93b8f-1.avif 800w\" sizes=\"(max-width: 300px) 100vw, 300px\" \/> <img decoding=\"async\" class=\"alignnone size-medium wp-image-242\" src=\"http:\/\/dekodom.com.pl\/wp-content\/uploads\/2026\/01\/f2386e22-6b88-425a-ba04-bc287d6991b7-300x300.avif\" alt=\"\" width=\"300\" height=\"300\" srcset=\"https:\/\/dekodom.com.pl\/wp-content\/uploads\/2026\/01\/f2386e22-6b88-425a-ba04-bc287d6991b7-300x300.avif 300w, https:\/\/dekodom.com.pl\/wp-content\/uploads\/2026\/01\/f2386e22-6b88-425a-ba04-bc287d6991b7-150x150.avif 150w, https:\/\/dekodom.com.pl\/wp-content\/uploads\/2026\/01\/f2386e22-6b88-425a-ba04-bc287d6991b7-768x768.avif 768w, https:\/\/dekodom.com.pl\/wp-content\/uploads\/2026\/01\/f2386e22-6b88-425a-ba04-bc287d6991b7-600x600.avif 600w, https:\/\/dekodom.com.pl\/wp-content\/uploads\/2026\/01\/f2386e22-6b88-425a-ba04-bc287d6991b7-100x100.avif 100w, https:\/\/dekodom.com.pl\/wp-content\/uploads\/2026\/01\/f2386e22-6b88-425a-ba04-bc287d6991b7.avif 800w\" sizes=\"(max-width: 300px) 100vw, 300px\" \/> <img decoding=\"async\" class=\"alignnone size-medium wp-image-244\" src=\"http:\/\/dekodom.com.pl\/wp-content\/uploads\/2026\/01\/05183ac0-f9a3-43f0-9025-66f3dbecf915-300x300.avif\" alt=\"\" width=\"300\" height=\"300\" srcset=\"https:\/\/dekodom.com.pl\/wp-content\/uploads\/2026\/01\/05183ac0-f9a3-43f0-9025-66f3dbecf915-300x300.avif 300w, https:\/\/dekodom.com.pl\/wp-content\/uploads\/2026\/01\/05183ac0-f9a3-43f0-9025-66f3dbecf915-150x150.avif 150w, https:\/\/dekodom.com.pl\/wp-content\/uploads\/2026\/01\/05183ac0-f9a3-43f0-9025-66f3dbecf915-768x768.avif 768w, https:\/\/dekodom.com.pl\/wp-content\/uploads\/2026\/01\/05183ac0-f9a3-43f0-9025-66f3dbecf915-600x600.avif 600w, https:\/\/dekodom.com.pl\/wp-content\/uploads\/2026\/01\/05183ac0-f9a3-43f0-9025-66f3dbecf915-100x100.avif 100w, https:\/\/dekodom.com.pl\/wp-content\/uploads\/2026\/01\/05183ac0-f9a3-43f0-9025-66f3dbecf915.avif 800w\" sizes=\"(max-width: 300px) 100vw, 300px\" \/><\/div>\n","protected":false},"excerpt":{"rendered":"<p><img loading=\"lazy\" decoding=\"async\" class=\"alignnone size-medium wp-image-141\" src=\"http:\/\/dekodom.com.pl\/wp-content\/uploads\/2026\/01\/Projekt-bez-nazwy-4-300x171.png\" alt=\"\" width=\"300\" height=\"171\" srcset=\"https:\/\/dekodom.com.pl\/wp-content\/uploads\/2026\/01\/Projekt-bez-nazwy-4-300x171.png 300w, https:\/\/dekodom.com.pl\/wp-content\/uploads\/2026\/01\/Projekt-bez-nazwy-4-1024x585.png 1024w, https:\/\/dekodom.com.pl\/wp-content\/uploads\/2026\/01\/Projekt-bez-nazwy-4-768x439.png 768w, https:\/\/dekodom.com.pl\/wp-content\/uploads\/2026\/01\/Projekt-bez-nazwy-4-600x343.png 600w, https:\/\/dekodom.com.pl\/wp-content\/uploads\/2026\/01\/Projekt-bez-nazwy-4.png 1050w\" sizes=\"(max-width: 300px) 100vw, 300px\" \/><\/p>\n","protected":false},"featured_media":241,"comment_status":"open","ping_status":"closed","template":"","meta":{"ocean_post_layout":"","ocean_both_sidebars_style":"","ocean_both_sidebars_content_width":0,"ocean_both_sidebars_sidebars_width":0,"ocean_sidebar":"0","ocean_second_sidebar":"0","ocean_disable_margins":"enable","ocean_add_body_class":"","ocean_shortcode_before_top_bar":"","ocean_shortcode_after_top_bar":"","ocean_shortcode_before_header":"","ocean_shortcode_after_header":"","ocean_has_shortcode":"","ocean_shortcode_after_title":"","ocean_shortcode_before_footer_widgets":"","ocean_shortcode_after_footer_widgets":"","ocean_shortcode_before_footer_bottom":"","ocean_shortcode_after_footer_bottom":"","ocean_display_top_bar":"default","ocean_display_header":"default","ocean_header_style":"","ocean_center_header_left_menu":"0","ocean_custom_header_template":"0","ocean_custom_logo":0,"ocean_custom_retina_logo":0,"ocean_custom_logo_max_width":0,"ocean_custom_logo_tablet_max_width":0,"ocean_custom_logo_mobile_max_width":0,"ocean_custom_logo_max_height":0,"ocean_custom_logo_tablet_max_height":0,"ocean_custom_logo_mobile_max_height":0,"ocean_header_custom_menu":"0","ocean_menu_typo_font_family":"0","ocean_menu_typo_font_subset":"","ocean_menu_typo_font_size":0,"ocean_menu_typo_font_size_tablet":0,"ocean_menu_typo_font_size_mobile":0,"ocean_menu_typo_font_size_unit":"px","ocean_menu_typo_font_weight":"","ocean_menu_typo_font_weight_tablet":"","ocean_menu_typo_font_weight_mobile":"","ocean_menu_typo_transform":"","ocean_menu_typo_transform_tablet":"","ocean_menu_typo_transform_mobile":"","ocean_menu_typo_line_height":0,"ocean_menu_typo_line_height_tablet":0,"ocean_menu_typo_line_height_mobile":0,"ocean_menu_typo_line_height_unit":"","ocean_menu_typo_spacing":0,"ocean_menu_typo_spacing_tablet":0,"ocean_menu_typo_spacing_mobile":0,"ocean_menu_typo_spacing_unit":"","ocean_menu_link_color":"","ocean_menu_link_color_hover":"","ocean_menu_link_color_active":"","ocean_menu_link_background":"","ocean_menu_link_hover_background":"","ocean_menu_link_active_background":"","ocean_menu_social_links_bg":"","ocean_menu_social_hover_links_bg":"","ocean_menu_social_links_color":"","ocean_menu_social_hover_links_color":"","ocean_disable_title":"default","ocean_disable_heading":"default","ocean_post_title":"","ocean_post_subheading":"","ocean_post_title_style":"","ocean_post_title_background_color":"","ocean_post_title_background":0,"ocean_post_title_bg_image_position":"","ocean_post_title_bg_image_attachment":"","ocean_post_title_bg_image_repeat":"","ocean_post_title_bg_image_size":"","ocean_post_title_height":0,"ocean_post_title_bg_overlay":0.5,"ocean_post_title_bg_overlay_color":"","ocean_disable_breadcrumbs":"default","ocean_breadcrumbs_color":"","ocean_breadcrumbs_separator_color":"","ocean_breadcrumbs_links_color":"","ocean_breadcrumbs_links_hover_color":"","ocean_display_footer_widgets":"default","ocean_display_footer_bottom":"default","ocean_custom_footer_template":"0"},"product_brand":[],"product_cat":[46],"product_tag":[82,81,79,76],"class_list":{"0":"post-240","1":"product","2":"type-product","3":"status-publish","4":"has-post-thumbnail","6":"product_cat-kuchnia","7":"product_tag-pojemniki-do-kuchni","8":"product_tag-pojemniki-do-organizacji","9":"product_tag-pojemniki-na-produkty-sypkie","10":"product_tag-pojemniki-na-zywnosc","12":"entry","13":"has-media","15":"first","16":"instock","17":"shipping-taxable","18":"purchasable","19":"product-type-simple","20":"has-product-nav","21":"col","22":"span_1_of_1","23":"owp-content-center","24":"owp-thumbs-layout-horizontal","25":"owp-btn-normal","26":"owp-tabs-layout-horizontal","27":"has-no-thumbnails"},"jetpack_sharing_enabled":true,"_links":{"self":[{"href":"https:\/\/dekodom.com.pl\/index.php\/wp-json\/wp\/v2\/product\/240","targetHints":{"allow":["GET"]}}],"collection":[{"href":"https:\/\/dekodom.com.pl\/index.php\/wp-json\/wp\/v2\/product"}],"about":[{"href":"https:\/\/dekodom.com.pl\/index.php\/wp-json\/wp\/v2\/types\/product"}],"replies":[{"embeddable":true,"href":"https:\/\/dekodom.com.pl\/index.php\/wp-json\/wp\/v2\/comments?post=240"}],"wp:featuredmedia":[{"embeddable":true,"href":"https:\/\/dekodom.com.pl\/index.php\/wp-json\/wp\/v2\/media\/241"}],"wp:attachment":[{"href":"https:\/\/dekodom.com.pl\/index.php\/wp-json\/wp\/v2\/media?parent=240"}],"wp:term":[{"taxonomy":"product_brand","embeddable":true,"href":"https:\/\/dekodom.com.pl\/index.php\/wp-json\/wp\/v2\/product_brand?post=240"},{"taxonomy":"product_cat","embeddable":true,"href":"https:\/\/dekodom.com.pl\/index.php\/wp-json\/wp\/v2\/product_cat?post=240"},{"taxonomy":"product_tag","embeddable":true,"href":"https:\/\/dekodom.com.pl\/index.php\/wp-json\/wp\/v2\/product_tag?post=240"}],"curies":[{"name":"wp","href":"https:\/\/api.w.org\/{rel}","templated":true}]}}