{"id":640,"date":"2026-02-02T13:55:00","date_gmt":"2026-02-02T12:55:00","guid":{"rendered":"https:\/\/dekodom.com.pl\/?post_type=product&#038;p=640"},"modified":"2026-02-02T13:55:01","modified_gmt":"2026-02-02T12:55:01","slug":"wiszaca-donica-z-filcu","status":"publish","type":"product","link":"https:\/\/dekodom.com.pl\/index.php\/produkt\/wiszaca-donica-z-filcu\/","title":{"rendered":"Wisz\u0105ca donica z filcu"},"content":{"rendered":"<p>Wisz\u0105ca donica z filcu z siedmioma obszernymi kieszeniami to nowoczesny i prosty spos\u00f3b na\u00a0 ma\u0142ego ogr\u00f3dka na balkonie, tarasie lub na \u015bcianie.<br \/>\nW donicach mo\u017cna posadzi\u0107 ulubione zio\u0142a lub pi\u0119kne pachn\u0105ce kwiatki.<br \/>\nW trakcie podlewania uchroni to pod\u0142og\u0119 przed zamoczeniem<br \/>\nZajmuje ma\u0142o miejsca \u2043 Odporny na warunki atmosferyczne<br \/>\nWykonany z filcu oraz wodoodpornej tkaniny &#8211; 7 kieszeni &#8211; 4 oczkowane otwory &#8211; Uszy do mocowania x 2<br \/>\nWYMIARY: \u2043 D\u0142ugo\u015b\u0107 ca\u0142kowita: 100cm &#8211; Szeroko\u015b\u0107: 30cm &#8211; Wysoko\u015b\u0107 pojedynczej kieszeni: 12cm<br \/>\n<img fetchpriority=\"high\" decoding=\"async\" class=\"alignnone size-medium wp-image-518\" src=\"http:\/\/dekodom.com.pl\/wp-content\/uploads\/2026\/02\/92b6d2a3-9a1f-4a86-bb7e-6522d5f853f2_1000x1000.jpeg.format-300x300.avif\" alt=\"\" width=\"300\" height=\"300\" srcset=\"https:\/\/dekodom.com.pl\/wp-content\/uploads\/2026\/02\/92b6d2a3-9a1f-4a86-bb7e-6522d5f853f2_1000x1000.jpeg.format-300x300.avif 300w, https:\/\/dekodom.com.pl\/wp-content\/uploads\/2026\/02\/92b6d2a3-9a1f-4a86-bb7e-6522d5f853f2_1000x1000.jpeg.format-150x150.avif 150w, https:\/\/dekodom.com.pl\/wp-content\/uploads\/2026\/02\/92b6d2a3-9a1f-4a86-bb7e-6522d5f853f2_1000x1000.jpeg.format-768x768.avif 768w, https:\/\/dekodom.com.pl\/wp-content\/uploads\/2026\/02\/92b6d2a3-9a1f-4a86-bb7e-6522d5f853f2_1000x1000.jpeg.format-600x600.avif 600w, https:\/\/dekodom.com.pl\/wp-content\/uploads\/2026\/02\/92b6d2a3-9a1f-4a86-bb7e-6522d5f853f2_1000x1000.jpeg.format-100x100.avif 100w, https:\/\/dekodom.com.pl\/wp-content\/uploads\/2026\/02\/92b6d2a3-9a1f-4a86-bb7e-6522d5f853f2_1000x1000.jpeg.format.avif 800w\" sizes=\"(max-width: 300px) 100vw, 300px\" \/><\/p>\n","protected":false},"excerpt":{"rendered":"<p>dostawa 3-5 dni roboczych<\/p>\n","protected":false},"featured_media":518,"comment_status":"open","ping_status":"closed","template":"","meta":{"ocean_post_layout":"","ocean_both_sidebars_style":"","ocean_both_sidebars_content_width":0,"ocean_both_sidebars_sidebars_width":0,"ocean_sidebar":"0","ocean_second_sidebar":"0","ocean_disable_margins":"enable","ocean_add_body_class":"","ocean_shortcode_before_top_bar":"","ocean_shortcode_after_top_bar":"","ocean_shortcode_before_header":"","ocean_shortcode_after_header":"","ocean_has_shortcode":"","ocean_shortcode_after_title":"","ocean_shortcode_before_footer_widgets":"","ocean_shortcode_after_footer_widgets":"","ocean_shortcode_before_footer_bottom":"","ocean_shortcode_after_footer_bottom":"","ocean_display_top_bar":"default","ocean_display_header":"default","ocean_header_style":"","ocean_center_header_left_menu":"0","ocean_custom_header_template":"0","ocean_custom_logo":0,"ocean_custom_retina_logo":0,"ocean_custom_logo_max_width":0,"ocean_custom_logo_tablet_max_width":0,"ocean_custom_logo_mobile_max_width":0,"ocean_custom_logo_max_height":0,"ocean_custom_logo_tablet_max_height":0,"ocean_custom_logo_mobile_max_height":0,"ocean_header_custom_menu":"0","ocean_menu_typo_font_family":"0","ocean_menu_typo_font_subset":"","ocean_menu_typo_font_size":0,"ocean_menu_typo_font_size_tablet":0,"ocean_menu_typo_font_size_mobile":0,"ocean_menu_typo_font_size_unit":"px","ocean_menu_typo_font_weight":"","ocean_menu_typo_font_weight_tablet":"","ocean_menu_typo_font_weight_mobile":"","ocean_menu_typo_transform":"","ocean_menu_typo_transform_tablet":"","ocean_menu_typo_transform_mobile":"","ocean_menu_typo_line_height":0,"ocean_menu_typo_line_height_tablet":0,"ocean_menu_typo_line_height_mobile":0,"ocean_menu_typo_line_height_unit":"","ocean_menu_typo_spacing":0,"ocean_menu_typo_spacing_tablet":0,"ocean_menu_typo_spacing_mobile":0,"ocean_menu_typo_spacing_unit":"","ocean_menu_link_color":"","ocean_menu_link_color_hover":"","ocean_menu_link_color_active":"","ocean_menu_link_background":"","ocean_menu_link_hover_background":"","ocean_menu_link_active_background":"","ocean_menu_social_links_bg":"","ocean_menu_social_hover_links_bg":"","ocean_menu_social_links_color":"","ocean_menu_social_hover_links_color":"","ocean_disable_title":"default","ocean_disable_heading":"default","ocean_post_title":"","ocean_post_subheading":"","ocean_post_title_style":"","ocean_post_title_background_color":"","ocean_post_title_background":0,"ocean_post_title_bg_image_position":"","ocean_post_title_bg_image_attachment":"","ocean_post_title_bg_image_repeat":"","ocean_post_title_bg_image_size":"","ocean_post_title_height":0,"ocean_post_title_bg_overlay":0.5,"ocean_post_title_bg_overlay_color":"","ocean_disable_breadcrumbs":"default","ocean_breadcrumbs_color":"","ocean_breadcrumbs_separator_color":"","ocean_breadcrumbs_links_color":"","ocean_breadcrumbs_links_hover_color":"","ocean_display_footer_widgets":"default","ocean_display_footer_bottom":"default","ocean_custom_footer_template":"0"},"product_brand":[],"product_cat":[125,118,124],"product_tag":[154],"class_list":{"0":"post-640","1":"product","2":"type-product","3":"status-publish","4":"has-post-thumbnail","6":"product_cat-lato","7":"product_cat-ogrod","8":"product_cat-wiosna","9":"product_tag-wiszaca-doniczka","11":"entry","12":"has-media","14":"first","15":"instock","16":"shipping-taxable","17":"purchasable","18":"product-type-simple","19":"has-product-nav","20":"col","21":"span_1_of_1","22":"owp-content-center","23":"owp-thumbs-layout-horizontal","24":"owp-btn-normal","25":"owp-tabs-layout-horizontal","26":"has-no-thumbnails"},"jetpack_sharing_enabled":true,"_links":{"self":[{"href":"https:\/\/dekodom.com.pl\/index.php\/wp-json\/wp\/v2\/product\/640","targetHints":{"allow":["GET"]}}],"collection":[{"href":"https:\/\/dekodom.com.pl\/index.php\/wp-json\/wp\/v2\/product"}],"about":[{"href":"https:\/\/dekodom.com.pl\/index.php\/wp-json\/wp\/v2\/types\/product"}],"replies":[{"embeddable":true,"href":"https:\/\/dekodom.com.pl\/index.php\/wp-json\/wp\/v2\/comments?post=640"}],"wp:featuredmedia":[{"embeddable":true,"href":"https:\/\/dekodom.com.pl\/index.php\/wp-json\/wp\/v2\/media\/518"}],"wp:attachment":[{"href":"https:\/\/dekodom.com.pl\/index.php\/wp-json\/wp\/v2\/media?parent=640"}],"wp:term":[{"taxonomy":"product_brand","embeddable":true,"href":"https:\/\/dekodom.com.pl\/index.php\/wp-json\/wp\/v2\/product_brand?post=640"},{"taxonomy":"product_cat","embeddable":true,"href":"https:\/\/dekodom.com.pl\/index.php\/wp-json\/wp\/v2\/product_cat?post=640"},{"taxonomy":"product_tag","embeddable":true,"href":"https:\/\/dekodom.com.pl\/index.php\/wp-json\/wp\/v2\/product_tag?post=640"}],"curies":[{"name":"wp","href":"https:\/\/api.w.org\/{rel}","templated":true}]}}