{"id":648,"date":"2026-02-04T21:29:25","date_gmt":"2026-02-04T20:29:25","guid":{"rendered":"https:\/\/dekodom.com.pl\/?post_type=product&#038;p=648"},"modified":"2026-02-04T21:29:25","modified_gmt":"2026-02-04T20:29:25","slug":"klecznik-ogrodowy","status":"publish","type":"product","link":"https:\/\/dekodom.com.pl\/index.php\/produkt\/klecznik-ogrodowy\/","title":{"rendered":"kl\u0119cznik ogrodowy"},"content":{"rendered":"<p>Kl\u0119cznik Ogrodowy Sk\u0142adany Sto\u0142ek Wygodny 3w1 Przybornik Wielofunkcyjny<br \/>\n<img fetchpriority=\"high\" decoding=\"async\" class=\"alignnone size-medium wp-image-649\" src=\"http:\/\/dekodom.com.pl\/wp-content\/uploads\/2026\/02\/7f6d0153-dc1d-47aa-b111-4b23fde66cbc-300x300.avif\" alt=\"\" width=\"300\" height=\"300\" srcset=\"https:\/\/dekodom.com.pl\/wp-content\/uploads\/2026\/02\/7f6d0153-dc1d-47aa-b111-4b23fde66cbc-300x300.avif 300w, https:\/\/dekodom.com.pl\/wp-content\/uploads\/2026\/02\/7f6d0153-dc1d-47aa-b111-4b23fde66cbc-150x150.avif 150w, https:\/\/dekodom.com.pl\/wp-content\/uploads\/2026\/02\/7f6d0153-dc1d-47aa-b111-4b23fde66cbc-768x768.avif 768w, https:\/\/dekodom.com.pl\/wp-content\/uploads\/2026\/02\/7f6d0153-dc1d-47aa-b111-4b23fde66cbc-600x600.avif 600w, https:\/\/dekodom.com.pl\/wp-content\/uploads\/2026\/02\/7f6d0153-dc1d-47aa-b111-4b23fde66cbc-100x100.avif 100w, https:\/\/dekodom.com.pl\/wp-content\/uploads\/2026\/02\/7f6d0153-dc1d-47aa-b111-4b23fde66cbc.avif 800w\" sizes=\"(max-width: 300px) 100vw, 300px\" \/> <img decoding=\"async\" class=\"alignnone size-medium wp-image-650\" src=\"http:\/\/dekodom.com.pl\/wp-content\/uploads\/2026\/02\/22dab50f-7dce-445d-a183-f27d8bcc9a5a-300x300.avif\" alt=\"\" width=\"300\" height=\"300\" srcset=\"https:\/\/dekodom.com.pl\/wp-content\/uploads\/2026\/02\/22dab50f-7dce-445d-a183-f27d8bcc9a5a-300x300.avif 300w, https:\/\/dekodom.com.pl\/wp-content\/uploads\/2026\/02\/22dab50f-7dce-445d-a183-f27d8bcc9a5a-150x150.avif 150w, https:\/\/dekodom.com.pl\/wp-content\/uploads\/2026\/02\/22dab50f-7dce-445d-a183-f27d8bcc9a5a-768x768.avif 768w, https:\/\/dekodom.com.pl\/wp-content\/uploads\/2026\/02\/22dab50f-7dce-445d-a183-f27d8bcc9a5a-600x600.avif 600w, https:\/\/dekodom.com.pl\/wp-content\/uploads\/2026\/02\/22dab50f-7dce-445d-a183-f27d8bcc9a5a-100x100.avif 100w, https:\/\/dekodom.com.pl\/wp-content\/uploads\/2026\/02\/22dab50f-7dce-445d-a183-f27d8bcc9a5a.avif 800w\" sizes=\"(max-width: 300px) 100vw, 300px\" \/> <img decoding=\"async\" class=\"alignnone size-medium wp-image-651\" src=\"http:\/\/dekodom.com.pl\/wp-content\/uploads\/2026\/02\/a34fc11a-1bbb-48df-88f7-b8963552fd51-300x300.avif\" alt=\"\" width=\"300\" height=\"300\" srcset=\"https:\/\/dekodom.com.pl\/wp-content\/uploads\/2026\/02\/a34fc11a-1bbb-48df-88f7-b8963552fd51-300x300.avif 300w, https:\/\/dekodom.com.pl\/wp-content\/uploads\/2026\/02\/a34fc11a-1bbb-48df-88f7-b8963552fd51-150x150.avif 150w, https:\/\/dekodom.com.pl\/wp-content\/uploads\/2026\/02\/a34fc11a-1bbb-48df-88f7-b8963552fd51-768x768.avif 768w, https:\/\/dekodom.com.pl\/wp-content\/uploads\/2026\/02\/a34fc11a-1bbb-48df-88f7-b8963552fd51-600x600.avif 600w, https:\/\/dekodom.com.pl\/wp-content\/uploads\/2026\/02\/a34fc11a-1bbb-48df-88f7-b8963552fd51-100x100.avif 100w, https:\/\/dekodom.com.pl\/wp-content\/uploads\/2026\/02\/a34fc11a-1bbb-48df-88f7-b8963552fd51.avif 800w\" sizes=\"(max-width: 300px) 100vw, 300px\" \/><\/p>\n","protected":false},"excerpt":{"rendered":"<p>dostawa 3-5 dni robocze<br \/>\n<img loading=\"lazy\" decoding=\"async\" class=\"alignnone size-medium wp-image-141\" src=\"http:\/\/dekodom.com.pl\/wp-content\/uploads\/2026\/01\/Projekt-bez-nazwy-4-300x171.png\" alt=\"\" width=\"300\" height=\"171\" srcset=\"https:\/\/dekodom.com.pl\/wp-content\/uploads\/2026\/01\/Projekt-bez-nazwy-4-300x171.png 300w, https:\/\/dekodom.com.pl\/wp-content\/uploads\/2026\/01\/Projekt-bez-nazwy-4-1024x585.png 1024w, https:\/\/dekodom.com.pl\/wp-content\/uploads\/2026\/01\/Projekt-bez-nazwy-4-768x439.png 768w, https:\/\/dekodom.com.pl\/wp-content\/uploads\/2026\/01\/Projekt-bez-nazwy-4-600x343.png 600w, https:\/\/dekodom.com.pl\/wp-content\/uploads\/2026\/01\/Projekt-bez-nazwy-4.png 1050w\" sizes=\"(max-width: 300px) 100vw, 300px\" \/><\/p>\n","protected":false},"featured_media":650,"comment_status":"open","ping_status":"closed","template":"","meta":{"ocean_post_layout":"","ocean_both_sidebars_style":"","ocean_both_sidebars_content_width":0,"ocean_both_sidebars_sidebars_width":0,"ocean_sidebar":"0","ocean_second_sidebar":"0","ocean_disable_margins":"enable","ocean_add_body_class":"","ocean_shortcode_before_top_bar":"","ocean_shortcode_after_top_bar":"","ocean_shortcode_before_header":"","ocean_shortcode_after_header":"","ocean_has_shortcode":"","ocean_shortcode_after_title":"","ocean_shortcode_before_footer_widgets":"","ocean_shortcode_after_footer_widgets":"","ocean_shortcode_before_footer_bottom":"","ocean_shortcode_after_footer_bottom":"","ocean_display_top_bar":"default","ocean_display_header":"default","ocean_header_style":"","ocean_center_header_left_menu":"0","ocean_custom_header_template":"0","ocean_custom_logo":0,"ocean_custom_retina_logo":0,"ocean_custom_logo_max_width":0,"ocean_custom_logo_tablet_max_width":0,"ocean_custom_logo_mobile_max_width":0,"ocean_custom_logo_max_height":0,"ocean_custom_logo_tablet_max_height":0,"ocean_custom_logo_mobile_max_height":0,"ocean_header_custom_menu":"0","ocean_menu_typo_font_family":"0","ocean_menu_typo_font_subset":"","ocean_menu_typo_font_size":0,"ocean_menu_typo_font_size_tablet":0,"ocean_menu_typo_font_size_mobile":0,"ocean_menu_typo_font_size_unit":"px","ocean_menu_typo_font_weight":"","ocean_menu_typo_font_weight_tablet":"","ocean_menu_typo_font_weight_mobile":"","ocean_menu_typo_transform":"","ocean_menu_typo_transform_tablet":"","ocean_menu_typo_transform_mobile":"","ocean_menu_typo_line_height":0,"ocean_menu_typo_line_height_tablet":0,"ocean_menu_typo_line_height_mobile":0,"ocean_menu_typo_line_height_unit":"","ocean_menu_typo_spacing":0,"ocean_menu_typo_spacing_tablet":0,"ocean_menu_typo_spacing_mobile":0,"ocean_menu_typo_spacing_unit":"","ocean_menu_link_color":"","ocean_menu_link_color_hover":"","ocean_menu_link_color_active":"","ocean_menu_link_background":"","ocean_menu_link_hover_background":"","ocean_menu_link_active_background":"","ocean_menu_social_links_bg":"","ocean_menu_social_hover_links_bg":"","ocean_menu_social_links_color":"","ocean_menu_social_hover_links_color":"","ocean_disable_title":"default","ocean_disable_heading":"default","ocean_post_title":"","ocean_post_subheading":"","ocean_post_title_style":"","ocean_post_title_background_color":"","ocean_post_title_background":0,"ocean_post_title_bg_image_position":"","ocean_post_title_bg_image_attachment":"","ocean_post_title_bg_image_repeat":"","ocean_post_title_bg_image_size":"","ocean_post_title_height":0,"ocean_post_title_bg_overlay":0.5,"ocean_post_title_bg_overlay_color":"","ocean_disable_breadcrumbs":"default","ocean_breadcrumbs_color":"","ocean_breadcrumbs_separator_color":"","ocean_breadcrumbs_links_color":"","ocean_breadcrumbs_links_hover_color":"","ocean_display_footer_widgets":"default","ocean_display_footer_bottom":"default","ocean_custom_footer_template":"0"},"product_brand":[],"product_cat":[118,124],"product_tag":[156,155],"class_list":{"0":"post-648","1":"product","2":"type-product","3":"status-publish","4":"has-post-thumbnail","6":"product_cat-ogrod","7":"product_cat-wiosna","8":"product_tag-akcesoria-do-ogrodu","9":"product_tag-klecznik-ogrodowy","11":"entry","12":"has-media","14":"first","15":"instock","16":"shipping-taxable","17":"purchasable","18":"product-type-simple","19":"has-product-nav","20":"col","21":"span_1_of_1","22":"owp-content-center","23":"owp-thumbs-layout-horizontal","24":"owp-btn-normal","25":"owp-tabs-layout-horizontal","26":"has-no-thumbnails"},"jetpack_sharing_enabled":true,"_links":{"self":[{"href":"https:\/\/dekodom.com.pl\/index.php\/wp-json\/wp\/v2\/product\/648","targetHints":{"allow":["GET"]}}],"collection":[{"href":"https:\/\/dekodom.com.pl\/index.php\/wp-json\/wp\/v2\/product"}],"about":[{"href":"https:\/\/dekodom.com.pl\/index.php\/wp-json\/wp\/v2\/types\/product"}],"replies":[{"embeddable":true,"href":"https:\/\/dekodom.com.pl\/index.php\/wp-json\/wp\/v2\/comments?post=648"}],"wp:featuredmedia":[{"embeddable":true,"href":"https:\/\/dekodom.com.pl\/index.php\/wp-json\/wp\/v2\/media\/650"}],"wp:attachment":[{"href":"https:\/\/dekodom.com.pl\/index.php\/wp-json\/wp\/v2\/media?parent=648"}],"wp:term":[{"taxonomy":"product_brand","embeddable":true,"href":"https:\/\/dekodom.com.pl\/index.php\/wp-json\/wp\/v2\/product_brand?post=648"},{"taxonomy":"product_cat","embeddable":true,"href":"https:\/\/dekodom.com.pl\/index.php\/wp-json\/wp\/v2\/product_cat?post=648"},{"taxonomy":"product_tag","embeddable":true,"href":"https:\/\/dekodom.com.pl\/index.php\/wp-json\/wp\/v2\/product_tag?post=648"}],"curies":[{"name":"wp","href":"https:\/\/api.w.org\/{rel}","templated":true}]}}